{"id":317,"date":"2020-08-20T14:47:50","date_gmt":"2020-08-20T17:47:50","guid":{"rendered":"https:\/\/modelo.sizeweb.com.br\/engenheiro-civil\/04\/?page_id=317"},"modified":"2021-11-25T16:17:18","modified_gmt":"2021-11-25T19:17:18","slug":"politica-de-privacidade","status":"publish","type":"page","link":"https:\/\/modelo.sizeweb.com.br\/engenheiro-civil\/04\/politica-de-privacidade\/","title":{"rendered":"Pol\u00edtica de Privacidade"},"content":{"rendered":"\t\t<div data-elementor-type=\"wp-post\" data-elementor-id=\"317\" class=\"elementor elementor-317\" data-elementor-post-type=\"page\">\n\t\t\t\t\t\t<section class=\"elementor-section elementor-top-section elementor-element elementor-element-4e4eeb87 elementor-section-boxed elementor-section-height-default elementor-section-height-default\" data-id=\"4e4eeb87\" data-element_type=\"section\">\n\t\t\t\t\t\t<div class=\"elementor-container elementor-column-gap-default\">\n\t\t\t\t\t<div class=\"elementor-column elementor-col-100 elementor-top-column elementor-element elementor-element-4042f197\" data-id=\"4042f197\" data-element_type=\"column\">\n\t\t\t<div class=\"elementor-widget-wrap elementor-element-populated\">\n\t\t\t\t\t\t<div class=\"elementor-element elementor-element-1c231b74 elementor-widget elementor-widget-heading\" data-id=\"1c231b74\" data-element_type=\"widget\" data-widget_type=\"heading.default\">\n\t\t\t\t<div class=\"elementor-widget-container\">\n\t\t\t\t\t<h2 class=\"elementor-heading-title elementor-size-default\">Pol\u00edtica de privacidade<\/h2>\t\t\t\t<\/div>\n\t\t\t\t<\/div>\n\t\t\t\t<div class=\"elementor-element elementor-element-234c67df elementor-widget elementor-widget-text-editor\" data-id=\"234c67df\" data-element_type=\"widget\" data-widget_type=\"text-editor.default\">\n\t\t\t\t<div class=\"elementor-widget-container\">\n\t\t\t\t\t\t\t\t\t<p><strong>Quem somos<\/strong><\/p><p>O endere\u00e7o do nosso site \u00e9: https:\/\/modelo.sizeweb.com.br\/engenheiro-civil\/04.<\/p><p>A privacidade dos visitantes do nosso site \u00e9 extremamente importante para n\u00f3s. N\u00f3s reconhecemos a import\u00e2ncia da privacidade. Por isso queremos ser transparentes tamb\u00e9m em rela\u00e7\u00e3o a sua informa\u00e7\u00e3o pessoal: como recebemos, coletamos e guardamos essa informa\u00e7\u00e3o quando visita nosso site. Nunca venderemos a sua informa\u00e7\u00e3o para terceiros, sejam eles particulares ou empresas.<\/p><p><strong>Quais dados pessoais coletamos e porque<\/strong><\/p><p><strong>Coment\u00e1rios<\/strong><\/p><p>Quando os visitantes deixam coment\u00e1rios no site, coletamos os dados mostrados no formul\u00e1rio de coment\u00e1rios, al\u00e9m do endere\u00e7o de IP e de dados do navegador do visitante, para auxiliar na detec\u00e7\u00e3o de spam.<\/p><p>Uma sequ\u00eancia anonimizada de caracteres criada a partir do seu e-mail (tamb\u00e9m chamada de hash) poder\u00e1 ser enviada para o Gravatar para verificar se voc\u00ea usa o servi\u00e7o. A pol\u00edtica de privacidade do Gravatar est\u00e1 dispon\u00edvel aqui: https:\/\/automattic.com\/privacy\/. Depois da aprova\u00e7\u00e3o do seu coment\u00e1rio, a foto do seu perfil fica vis\u00edvel publicamente junto de seu coment\u00e1rio.<\/p><p><strong>M\u00eddia<\/strong><\/p><p>Se voc\u00ea envia imagens para o site, evite enviar as que contenham dados de localiza\u00e7\u00e3o incorporados (EXIF GPS) e dados pessoais. Visitantes podem baixar estas imagens do site e extrair delas seus dados.<\/p><p><strong>Formul\u00e1rios de contato<\/strong><\/p><p>Ao preencher nosso formul\u00e1rio de contato em nosso site n\u00f3s receberemos suas informa\u00e7\u00f5es digitadas nele para poder entrar em contato com voc\u00ea e suas informa\u00e7\u00f5es de contato ser\u00e3o mantidas em nossa base de dados para futuros contatos e como tamb\u00e9m envio de ofertas.<\/p><p><strong>Cookies<\/strong><\/p><p>Ao deixar um coment\u00e1rio no site, voc\u00ea poder\u00e1 optar por salvar seu nome, e-mail e site nos cookies. Isso visa seu conforto, assim voc\u00ea n\u00e3o precisar\u00e1 preencher seus dados novamente quando fizer outro coment\u00e1rio. Estes cookies duram um ano.<\/p><p>Se voc\u00ea tem uma conta e acessa este site, um cookie tempor\u00e1rio ser\u00e1 criado para determinar se seu navegador aceita cookies. Ele n\u00e3o cont\u00e9m nenhum dado pessoal e ser\u00e1 descartado quando voc\u00ea fechar seu navegador.<\/p><p>Quando voc\u00ea acessa sua conta no site, tamb\u00e9m criamos v\u00e1rios cookies para salvar os dados da sua conta e suas escolhas de exibi\u00e7\u00e3o de tela. Cookies de login s\u00e3o mantidos por dois dias e cookies de op\u00e7\u00f5es de tela por um ano. Se voc\u00ea selecionar \u201cLembrar-me\u201d, seu acesso ser\u00e1 mantido por duas semanas. Se voc\u00ea se desconectar da sua conta, os cookies de login ser\u00e3o removidos.<\/p><p>Se voc\u00ea editar ou publicar um artigo, um cookie adicional ser\u00e1 salvo no seu navegador. Este cookie n\u00e3o inclui nenhum dado pessoal e simplesmente indica o ID do post referente ao artigo que voc\u00ea acabou de editar. Ele expira depois de 1 dia.<\/p><p><strong>Os cookies podem ser bloqueados?<\/strong><br \/>Voc\u00ea pode optar por aceitar ou recusar cookies. A maioria dos navegadores aceita cookies automaticamente, mas voc\u00ea pode modificar a configura\u00e7\u00e3o do navegador para recusar cookies, se preferir. Se voc\u00ea preferir n\u00e3o aceitar cookies, a maioria dos navegadores permite a voc\u00ea: (i) alterar as configura\u00e7\u00f5es do navegador para notific\u00e1-lo quando receber um cookie, assim voc\u00ea poder\u00e1 escolher se deseja ou n\u00e3o o aceitar, (ii) desativar os cookies existentes ou (iii) definir o seu navegador para rejeitar cookies automaticamente. No entanto, lembre-se de que se voc\u00ea desativar ou rejeitar cookies, alguns recursos e servi\u00e7os nos nossos Sites podem n\u00e3o funcionar corretamente.<\/p><p><strong>M\u00eddia incorporada de outros sites<\/strong><\/p><p>Artigos neste site podem incluir conte\u00fado incorporado como, por exemplo, v\u00eddeos, imagens, artigos, etc. Conte\u00fados incorporados de outros sites se comportam exatamente da mesma forma como se o visitante estivesse visitando o outro site.<\/p><p>Estes sites podem coletar dados sobre voc\u00ea, usar cookies, incorporar rastreamento adicional de terceiros e monitorar sua intera\u00e7\u00e3o com este conte\u00fado incorporado, incluindo sua intera\u00e7\u00e3o com o conte\u00fado incorporado se voc\u00ea tem uma conta e est\u00e1 conectado com o site.<\/p><p><strong>An\u00e1lises<\/strong><\/p><p>Nosso site usa o sistema do Google Analytics para monitorar os acessos de nossos visitantes e saber suas preferenciais para poder melhor agradar nosso publico. Essa informa\u00e7\u00f5es coletadas s\u00e3o apagadas dentro de alguns meses pelo pr\u00f3prio Google Analytics saiba mais no link:<\/p><h5>https:\/\/policies.google.com\/technologies\/partner-sites?hl=pt-BR<\/h5><p>Assim como tamb\u00e9m fazemos uso do Facebook Pixels para esses monitoramentos, saiba mais no link:<\/p><h5>https:\/\/pt-br.facebook.com\/privacy\/explanation<\/h5><p><strong>Com quem partilhamos seus dados<\/strong><\/p><p>N\u00f3s n\u00e3o compartilhamos dados com ningu\u00e9m, utilizamos apenas para identificar o nosso publico e poder gerar o melhor conte\u00fado para voc\u00ea.<\/p><p><strong>Por quanto tempo mantemos os seus dados<\/strong><\/p><p>Se voc\u00ea deixar um coment\u00e1rio, o coment\u00e1rio e os seus metadados s\u00e3o conservados indefinidamente. Fazemos isso para que seja poss\u00edvel reconhecer e aprovar automaticamente qualquer coment\u00e1rio posterior ao inv\u00e9s de ret\u00ea-lo para modera\u00e7\u00e3o.<\/p><p>Para usu\u00e1rios que se registram no nosso site (se houver), tamb\u00e9m guardamos as informa\u00e7\u00f5es pessoais que fornecem no seu perfil de usu\u00e1rio. Todos os usu\u00e1rios podem ver, editar ou excluir suas informa\u00e7\u00f5es pessoais a qualquer momento (s\u00f3 n\u00e3o \u00e9 poss\u00edvel alterar o seu username). Os administradores de sites tamb\u00e9m podem ver e editar estas informa\u00e7\u00f5es.<\/p><p><strong>Quais os seus direitos sobre seus dados<\/strong><\/p><p>Se voc\u00ea tiver uma conta neste site ou se tiver deixado coment\u00e1rios, pode solicitar que removamos qualquer dado pessoal que mantemos sobre voc\u00ea. Isto n\u00e3o inclui nenhuns dados que somos obrigados a manter para prop\u00f3sitos administrativos, legais ou de seguran\u00e7a.<\/p><p><strong>Para onde enviamos seus dados<\/strong><\/p><p>Coment\u00e1rios de visitantes podem ser marcados por um servi\u00e7o autom\u00e1tico de detec\u00e7\u00e3o de spam.<\/p><p><strong>Nosso contato<\/strong><\/p><p>Voc\u00ea poder\u00e1 a qualquer momento entrar em contato conosco por nosso formul\u00e1rio de contato em nosso site ou em nossos n\u00fameros de telefone dispon\u00edveis no site.<\/p><p><strong>Disposi\u00e7\u00f5es finais<\/strong><\/p><p>Nos reservamos no direito de alterar ou mudar se julgar necess\u00e1rio nossos termos de pol\u00edtica de privacidade aqui descritos sem aviso pr\u00e9vio ou consentimento de nossos usu\u00e1rios. Por isso lembre-se sempre de consultar nossas pol\u00edticas de privacidade quando acessar nosso site.<\/p>\t\t\t\t\t\t\t\t<\/div>\n\t\t\t\t<\/div>\n\t\t\t\t<div class=\"elementor-element elementor-element-9ea8ad1 elementor-align-center elementor-widget elementor-widget-button\" data-id=\"9ea8ad1\" data-element_type=\"widget\" data-widget_type=\"button.default\">\n\t\t\t\t<div class=\"elementor-widget-container\">\n\t\t\t\t\t\t\t\t\t<div class=\"elementor-button-wrapper\">\n\t\t\t\t\t<a class=\"elementor-button elementor-button-link elementor-size-sm elementor-animation-grow\" href=\"https:\/\/modelo.sizeweb.com.br\/engenheiro-civil\/04\/\">\n\t\t\t\t\t\t<span class=\"elementor-button-content-wrapper\">\n\t\t\t\t\t\t\t\t\t<span class=\"elementor-button-text\">Voltar para Home<\/span>\n\t\t\t\t\t<\/span>\n\t\t\t\t\t<\/a>\n\t\t\t\t<\/div>\n\t\t\t\t\t\t\t\t<\/div>\n\t\t\t\t<\/div>\n\t\t\t\t\t<\/div>\n\t\t<\/div>\n\t\t\t\t\t<\/div>\n\t\t<\/section>\n\t\t\t\t<\/div>\n\t\t","protected":false},"excerpt":{"rendered":"<p>Pol\u00edtica de privacidade Quem somos O endere\u00e7o do nosso site \u00e9: https:\/\/modelo.sizeweb.com.br\/engenheiro-civil\/04. A privacidade dos visitantes do nosso site \u00e9 extremamente importante para n\u00f3s. N\u00f3s reconhecemos a import\u00e2ncia da privacidade. Por isso queremos ser transparentes tamb\u00e9m em rela\u00e7\u00e3o a sua informa\u00e7\u00e3o pessoal: como recebemos, coletamos e guardamos essa informa\u00e7\u00e3o quando visita nosso site. Nunca venderemos [&hellip;]<\/p>\n","protected":false},"author":1,"featured_media":0,"parent":0,"menu_order":0,"comment_status":"closed","ping_status":"closed","template":"","meta":{"footnotes":""},"class_list":["post-317","page","type-page","status-publish","hentry"],"yoast_head":"<!-- This site is optimized with the Yoast SEO plugin v25.3.1 - https:\/\/yoast.com\/wordpress\/plugins\/seo\/ -->\n<title>Pol\u00edtica de Privacidade - Engenharia Exemplo<\/title>\n<meta name=\"robots\" content=\"noindex, nofollow\" \/>\n<meta property=\"og:locale\" content=\"pt_BR\" \/>\n<meta property=\"og:type\" content=\"article\" \/>\n<meta property=\"og:title\" content=\"Pol\u00edtica de Privacidade - Engenharia Exemplo\" \/>\n<meta property=\"og:description\" content=\"Pol\u00edtica de privacidade Quem somos O endere\u00e7o do nosso site \u00e9: https:\/\/modelo.sizeweb.com.br\/engenheiro-civil\/04. A privacidade dos visitantes do nosso site \u00e9 extremamente importante para n\u00f3s. N\u00f3s reconhecemos a import\u00e2ncia da privacidade. Por isso queremos ser transparentes tamb\u00e9m em rela\u00e7\u00e3o a sua informa\u00e7\u00e3o pessoal: como recebemos, coletamos e guardamos essa informa\u00e7\u00e3o quando visita nosso site. Nunca venderemos [&hellip;]\" \/>\n<meta property=\"og:url\" content=\"https:\/\/modelo.sizeweb.com.br\/engenheiro-civil\/04\/politica-de-privacidade\/\" \/>\n<meta property=\"og:site_name\" content=\"Engenharia Exemplo\" \/>\n<meta property=\"article:modified_time\" content=\"2021-11-25T19:17:18+00:00\" \/>\n<meta property=\"og:image\" content=\"https:\/\/modelo.sizeweb.com.br\/engenheiro-civil\/04\/wp-content\/uploads\/2025\/06\/LOGO-ENGENHARIA-04-512X512.jpg\" \/>\n\t<meta property=\"og:image:width\" content=\"512\" \/>\n\t<meta property=\"og:image:height\" content=\"512\" \/>\n\t<meta property=\"og:image:type\" content=\"image\/jpeg\" \/>\n<meta name=\"twitter:card\" content=\"summary_large_image\" \/>\n<meta name=\"twitter:label1\" content=\"Est. tempo de leitura\" \/>\n\t<meta name=\"twitter:data1\" content=\"5 minutos\" \/>\n<script type=\"application\/ld+json\" class=\"yoast-schema-graph\">{\"@context\":\"https:\/\/schema.org\",\"@graph\":[{\"@type\":\"WebPage\",\"@id\":\"https:\/\/modelo.sizeweb.com.br\/engenheiro-civil\/04\/politica-de-privacidade\/\",\"url\":\"https:\/\/modelo.sizeweb.com.br\/engenheiro-civil\/04\/politica-de-privacidade\/\",\"name\":\"Pol\u00edtica de Privacidade - Engenharia Exemplo\",\"isPartOf\":{\"@id\":\"https:\/\/modelo.sizeweb.com.br\/engenheiro-civil\/04\/#website\"},\"datePublished\":\"2020-08-20T17:47:50+00:00\",\"dateModified\":\"2021-11-25T19:17:18+00:00\",\"breadcrumb\":{\"@id\":\"https:\/\/modelo.sizeweb.com.br\/engenheiro-civil\/04\/politica-de-privacidade\/#breadcrumb\"},\"inLanguage\":\"pt-BR\",\"potentialAction\":[{\"@type\":\"ReadAction\",\"target\":[\"https:\/\/modelo.sizeweb.com.br\/engenheiro-civil\/04\/politica-de-privacidade\/\"]}]},{\"@type\":\"BreadcrumbList\",\"@id\":\"https:\/\/modelo.sizeweb.com.br\/engenheiro-civil\/04\/politica-de-privacidade\/#breadcrumb\",\"itemListElement\":[{\"@type\":\"ListItem\",\"position\":1,\"name\":\"Home\",\"item\":\"https:\/\/modelo.sizeweb.com.br\/engenheiro-civil\/04\/\"},{\"@type\":\"ListItem\",\"position\":2,\"name\":\"Pol\u00edtica de Privacidade\"}]},{\"@type\":\"WebSite\",\"@id\":\"https:\/\/modelo.sizeweb.com.br\/engenheiro-civil\/04\/#website\",\"url\":\"https:\/\/modelo.sizeweb.com.br\/engenheiro-civil\/04\/\",\"name\":\"Engenharia Exemplo\",\"description\":\"\",\"publisher\":{\"@id\":\"https:\/\/modelo.sizeweb.com.br\/engenheiro-civil\/04\/#organization\"},\"alternateName\":\"Engenharia\",\"potentialAction\":[{\"@type\":\"SearchAction\",\"target\":{\"@type\":\"EntryPoint\",\"urlTemplate\":\"https:\/\/modelo.sizeweb.com.br\/engenheiro-civil\/04\/?s={search_term_string}\"},\"query-input\":{\"@type\":\"PropertyValueSpecification\",\"valueRequired\":true,\"valueName\":\"search_term_string\"}}],\"inLanguage\":\"pt-BR\"},{\"@type\":\"Organization\",\"@id\":\"https:\/\/modelo.sizeweb.com.br\/engenheiro-civil\/04\/#organization\",\"name\":\"Engenharia Exemplo\",\"alternateName\":\"Engenharia\",\"url\":\"https:\/\/modelo.sizeweb.com.br\/engenheiro-civil\/04\/\",\"logo\":{\"@type\":\"ImageObject\",\"inLanguage\":\"pt-BR\",\"@id\":\"https:\/\/modelo.sizeweb.com.br\/engenheiro-civil\/04\/#\/schema\/logo\/image\/\",\"url\":\"https:\/\/modelo.sizeweb.com.br\/engenheiro-civil\/04\/wp-content\/uploads\/2025\/06\/LOGO-ENGENHARIA-04-512X512.jpg\",\"contentUrl\":\"https:\/\/modelo.sizeweb.com.br\/engenheiro-civil\/04\/wp-content\/uploads\/2025\/06\/LOGO-ENGENHARIA-04-512X512.jpg\",\"width\":512,\"height\":512,\"caption\":\"Engenharia Exemplo\"},\"image\":{\"@id\":\"https:\/\/modelo.sizeweb.com.br\/engenheiro-civil\/04\/#\/schema\/logo\/image\/\"}}]}<\/script>\n<!-- \/ Yoast SEO plugin. -->","yoast_head_json":{"title":"Pol\u00edtica de Privacidade - Engenharia Exemplo","robots":{"index":"noindex","follow":"nofollow"},"og_locale":"pt_BR","og_type":"article","og_title":"Pol\u00edtica de Privacidade - Engenharia Exemplo","og_description":"Pol\u00edtica de privacidade Quem somos O endere\u00e7o do nosso site \u00e9: https:\/\/modelo.sizeweb.com.br\/engenheiro-civil\/04. A privacidade dos visitantes do nosso site \u00e9 extremamente importante para n\u00f3s. N\u00f3s reconhecemos a import\u00e2ncia da privacidade. Por isso queremos ser transparentes tamb\u00e9m em rela\u00e7\u00e3o a sua informa\u00e7\u00e3o pessoal: como recebemos, coletamos e guardamos essa informa\u00e7\u00e3o quando visita nosso site. Nunca venderemos [&hellip;]","og_url":"https:\/\/modelo.sizeweb.com.br\/engenheiro-civil\/04\/politica-de-privacidade\/","og_site_name":"Engenharia Exemplo","article_modified_time":"2021-11-25T19:17:18+00:00","og_image":[{"width":512,"height":512,"url":"https:\/\/modelo.sizeweb.com.br\/engenheiro-civil\/04\/wp-content\/uploads\/2025\/06\/LOGO-ENGENHARIA-04-512X512.jpg","type":"image\/jpeg"}],"twitter_card":"summary_large_image","twitter_misc":{"Est. tempo de leitura":"5 minutos"},"schema":{"@context":"https:\/\/schema.org","@graph":[{"@type":"WebPage","@id":"https:\/\/modelo.sizeweb.com.br\/engenheiro-civil\/04\/politica-de-privacidade\/","url":"https:\/\/modelo.sizeweb.com.br\/engenheiro-civil\/04\/politica-de-privacidade\/","name":"Pol\u00edtica de Privacidade - Engenharia Exemplo","isPartOf":{"@id":"https:\/\/modelo.sizeweb.com.br\/engenheiro-civil\/04\/#website"},"datePublished":"2020-08-20T17:47:50+00:00","dateModified":"2021-11-25T19:17:18+00:00","breadcrumb":{"@id":"https:\/\/modelo.sizeweb.com.br\/engenheiro-civil\/04\/politica-de-privacidade\/#breadcrumb"},"inLanguage":"pt-BR","potentialAction":[{"@type":"ReadAction","target":["https:\/\/modelo.sizeweb.com.br\/engenheiro-civil\/04\/politica-de-privacidade\/"]}]},{"@type":"BreadcrumbList","@id":"https:\/\/modelo.sizeweb.com.br\/engenheiro-civil\/04\/politica-de-privacidade\/#breadcrumb","itemListElement":[{"@type":"ListItem","position":1,"name":"Home","item":"https:\/\/modelo.sizeweb.com.br\/engenheiro-civil\/04\/"},{"@type":"ListItem","position":2,"name":"Pol\u00edtica de Privacidade"}]},{"@type":"WebSite","@id":"https:\/\/modelo.sizeweb.com.br\/engenheiro-civil\/04\/#website","url":"https:\/\/modelo.sizeweb.com.br\/engenheiro-civil\/04\/","name":"Engenharia Exemplo","description":"","publisher":{"@id":"https:\/\/modelo.sizeweb.com.br\/engenheiro-civil\/04\/#organization"},"alternateName":"Engenharia","potentialAction":[{"@type":"SearchAction","target":{"@type":"EntryPoint","urlTemplate":"https:\/\/modelo.sizeweb.com.br\/engenheiro-civil\/04\/?s={search_term_string}"},"query-input":{"@type":"PropertyValueSpecification","valueRequired":true,"valueName":"search_term_string"}}],"inLanguage":"pt-BR"},{"@type":"Organization","@id":"https:\/\/modelo.sizeweb.com.br\/engenheiro-civil\/04\/#organization","name":"Engenharia Exemplo","alternateName":"Engenharia","url":"https:\/\/modelo.sizeweb.com.br\/engenheiro-civil\/04\/","logo":{"@type":"ImageObject","inLanguage":"pt-BR","@id":"https:\/\/modelo.sizeweb.com.br\/engenheiro-civil\/04\/#\/schema\/logo\/image\/","url":"https:\/\/modelo.sizeweb.com.br\/engenheiro-civil\/04\/wp-content\/uploads\/2025\/06\/LOGO-ENGENHARIA-04-512X512.jpg","contentUrl":"https:\/\/modelo.sizeweb.com.br\/engenheiro-civil\/04\/wp-content\/uploads\/2025\/06\/LOGO-ENGENHARIA-04-512X512.jpg","width":512,"height":512,"caption":"Engenharia Exemplo"},"image":{"@id":"https:\/\/modelo.sizeweb.com.br\/engenheiro-civil\/04\/#\/schema\/logo\/image\/"}}]}},"_links":{"self":[{"href":"https:\/\/modelo.sizeweb.com.br\/engenheiro-civil\/04\/wp-json\/wp\/v2\/pages\/317","targetHints":{"allow":["GET"]}}],"collection":[{"href":"https:\/\/modelo.sizeweb.com.br\/engenheiro-civil\/04\/wp-json\/wp\/v2\/pages"}],"about":[{"href":"https:\/\/modelo.sizeweb.com.br\/engenheiro-civil\/04\/wp-json\/wp\/v2\/types\/page"}],"author":[{"embeddable":true,"href":"https:\/\/modelo.sizeweb.com.br\/engenheiro-civil\/04\/wp-json\/wp\/v2\/users\/1"}],"replies":[{"embeddable":true,"href":"https:\/\/modelo.sizeweb.com.br\/engenheiro-civil\/04\/wp-json\/wp\/v2\/comments?post=317"}],"version-history":[{"count":0,"href":"https:\/\/modelo.sizeweb.com.br\/engenheiro-civil\/04\/wp-json\/wp\/v2\/pages\/317\/revisions"}],"wp:attachment":[{"href":"https:\/\/modelo.sizeweb.com.br\/engenheiro-civil\/04\/wp-json\/wp\/v2\/media?parent=317"}],"curies":[{"name":"wp","href":"https:\/\/api.w.org\/{rel}","templated":true}]}}